{"id":4,"date":"2021-09-24T09:20:32","date_gmt":"2021-09-24T07:20:32","guid":{"rendered":"http:\/\/culture-placement.fr\/?page_id=4"},"modified":"2021-10-05T14:19:32","modified_gmt":"2021-10-05T12:19:32","slug":"les-3-pilier-suisse","status":"publish","type":"page","link":"https:\/\/culture-placement.fr\/","title":{"rendered":"Les 3 piliers suisse"},"content":{"rendered":"\t\t<div data-elementor-type=\"wp-page\" data-elementor-id=\"4\" class=\"elementor elementor-4\" data-elementor-settings=\"[]\">\n\t\t\t\t\t\t\t<div class=\"elementor-section-wrap\">\n\t\t\t\t\t\t\t<section class=\"elementor-section elementor-top-section elementor-element elementor-element-253d6682 elementor-section-height-min-height elementor-section-boxed elementor-section-height-default elementor-section-items-middle\" data-id=\"253d6682\" data-element_type=\"section\" data-settings=\"{&quot;background_background&quot;:&quot;classic&quot;}\">\n\t\t\t\t\t\t\t<div class=\"elementor-background-overlay\"><\/div>\n\t\t\t\t\t\t\t<div class=\"elementor-container elementor-column-gap-default\">\n\t\t\t\t\t<div class=\"elementor-column elementor-col-100 elementor-top-column elementor-element elementor-element-4469efa7\" data-id=\"4469efa7\" data-element_type=\"column\">\n\t\t\t<div class=\"elementor-widget-wrap elementor-element-populated\">\n\t\t\t\t\t\t\t\t<div class=\"elementor-element elementor-element-2b125412 elementor-widget elementor-widget-heading\" data-id=\"2b125412\" data-element_type=\"widget\" data-widget_type=\"heading.default\">\n\t\t\t\t<div class=\"elementor-widget-container\">\n\t\t\t<h2 class=\"elementor-heading-title elementor-size-large\">Les 3 piliers suisse<\/h2>\t\t<\/div>\n\t\t\t\t<\/div>\n\t\t\t\t<div class=\"elementor-element elementor-element-3d97f223 elementor-widget-divider--view-line elementor-widget elementor-widget-divider\" data-id=\"3d97f223\" data-element_type=\"widget\" data-widget_type=\"divider.default\">\n\t\t\t\t<div class=\"elementor-widget-container\">\n\t\t\t\t\t<div class=\"elementor-divider\">\n\t\t\t<span class=\"elementor-divider-separator\">\n\t\t\t\t\t\t<\/span>\n\t\t<\/div>\n\t\t\t\t<\/div>\n\t\t\t\t<\/div>\n\t\t\t\t<div class=\"elementor-element elementor-element-1fcf7c14 elementor-widget elementor-widget-heading\" data-id=\"1fcf7c14\" data-element_type=\"widget\" data-widget_type=\"heading.default\">\n\t\t\t\t<div class=\"elementor-widget-container\">\n\t\t\t<p class=\"elementor-heading-title elementor-size-medium\">Le syst\u00e8me des 3 piliers suisse<\/p>\t\t<\/div>\n\t\t\t\t<\/div>\n\t\t\t\t\t<\/div>\n\t\t<\/div>\n\t\t\t\t\t\t\t<\/div>\n\t\t<\/section>\n\t\t\t\t<section class=\"elementor-section elementor-top-section elementor-element elementor-element-7683863 elementor-section-height-min-height elementor-section-content-middle elementor-section-boxed elementor-section-height-default elementor-section-items-middle\" data-id=\"7683863\" data-element_type=\"section\" data-settings=\"{&quot;background_background&quot;:&quot;classic&quot;}\">\n\t\t\t\t\t\t<div class=\"elementor-container elementor-column-gap-default\">\n\t\t\t\t\t<div class=\"elementor-column elementor-col-50 elementor-top-column elementor-element elementor-element-1ef77a94\" data-id=\"1ef77a94\" data-element_type=\"column\">\n\t\t\t<div class=\"elementor-widget-wrap elementor-element-populated\">\n\t\t\t\t\t\t\t\t<div class=\"elementor-element elementor-element-6e3aac8a elementor-widget-divider--view-line elementor-widget elementor-widget-divider\" data-id=\"6e3aac8a\" data-element_type=\"widget\" data-widget_type=\"divider.default\">\n\t\t\t\t<div class=\"elementor-widget-container\">\n\t\t\t\t\t<div class=\"elementor-divider\">\n\t\t\t<span class=\"elementor-divider-separator\">\n\t\t\t\t\t\t<\/span>\n\t\t<\/div>\n\t\t\t\t<\/div>\n\t\t\t\t<\/div>\n\t\t\t\t<div class=\"elementor-element elementor-element-6b983bc9 elementor-widget elementor-widget-heading\" data-id=\"6b983bc9\" data-element_type=\"widget\" data-widget_type=\"heading.default\">\n\t\t\t\t<div class=\"elementor-widget-container\">\n\t\t\t<h3 class=\"elementor-heading-title elementor-size-large\">Constituer un capital\n<\/h3>\t\t<\/div>\n\t\t\t\t<\/div>\n\t\t\t\t<div class=\"elementor-element elementor-element-acb17d6 elementor-widget elementor-widget-text-editor\" data-id=\"acb17d6\" data-element_type=\"widget\" data-widget_type=\"text-editor.default\">\n\t\t\t\t<div class=\"elementor-widget-container\">\n\t\t\t\t\t\t\t<p>Constituer un capital pour vos projets, comme l\u2019achat de votre r\u00e9sidence principale ou pour lancer votre propre affaire et devenir ind\u00e9pendant, voire amortir votre pr\u00eat hypoth\u00e9caire ou financer les travaux de votre r\u00e9sidence principale, voire m\u00eame prendre votre retraite anticip\u00e9e.\u00a0https:\/\/2eme-pilier.ch<\/p>\t\t\t\t\t\t<\/div>\n\t\t\t\t<\/div>\n\t\t\t\t\t<\/div>\n\t\t<\/div>\n\t\t\t\t<div class=\"elementor-column elementor-col-50 elementor-top-column elementor-element elementor-element-260b9b82\" data-id=\"260b9b82\" data-element_type=\"column\">\n\t\t\t<div class=\"elementor-widget-wrap elementor-element-populated\">\n\t\t\t\t\t\t\t\t<div class=\"elementor-element elementor-element-29441266 elementor-widget elementor-widget-image\" data-id=\"29441266\" data-element_type=\"widget\" data-widget_type=\"image.default\">\n\t\t\t\t<div class=\"elementor-widget-container\">\n\t\t\t\t\t\t\t\t\t\t\t\t\t\t\t<img loading=\"lazy\" decoding=\"async\" width=\"512\" height=\"512\" src=\"https:\/\/culture-placement.fr\/wp-content\/uploads\/2021\/09\/1470399607_Illustration.png\" class=\"attachment-full size-full\" alt=\"\" srcset=\"https:\/\/culture-placement.fr\/wp-content\/uploads\/2021\/09\/1470399607_Illustration.png 512w, https:\/\/culture-placement.fr\/wp-content\/uploads\/2021\/09\/1470399607_Illustration-300x300.png 300w, https:\/\/culture-placement.fr\/wp-content\/uploads\/2021\/09\/1470399607_Illustration-150x150.png 150w\" sizes=\"(max-width: 512px) 100vw, 512px\" style=\"width:100%;height:100%;max-width:512px\" \/>\t\t\t\t\t\t\t\t\t\t\t\t\t\t\t<\/div>\n\t\t\t\t<\/div>\n\t\t\t\t\t<\/div>\n\t\t<\/div>\n\t\t\t\t\t\t\t<\/div>\n\t\t<\/section>\n\t\t\t\t<section class=\"elementor-section elementor-top-section elementor-element elementor-element-65be43f6 elementor-section-height-min-height elementor-section-content-middle elementor-reverse-mobile elementor-section-boxed elementor-section-height-default elementor-section-items-middle\" data-id=\"65be43f6\" data-element_type=\"section\" data-settings=\"{&quot;background_background&quot;:&quot;none&quot;}\">\n\t\t\t\t\t\t<div class=\"elementor-container elementor-column-gap-default\">\n\t\t\t\t\t<div class=\"elementor-column elementor-col-50 elementor-top-column elementor-element elementor-element-1f10fef7\" data-id=\"1f10fef7\" data-element_type=\"column\">\n\t\t\t<div class=\"elementor-widget-wrap elementor-element-populated\">\n\t\t\t\t\t\t\t\t<div class=\"elementor-element elementor-element-2e796061 elementor-widget elementor-widget-image\" data-id=\"2e796061\" data-element_type=\"widget\" data-widget_type=\"image.default\">\n\t\t\t\t<div class=\"elementor-widget-container\">\n\t\t\t\t\t\t\t\t\t\t\t\t\t\t\t<img loading=\"lazy\" decoding=\"async\" width=\"512\" height=\"512\" src=\"https:\/\/culture-placement.fr\/wp-content\/uploads\/2021\/09\/1470399614_Social_Media.png\" class=\"attachment-full size-full\" alt=\"\" srcset=\"https:\/\/culture-placement.fr\/wp-content\/uploads\/2021\/09\/1470399614_Social_Media.png 512w, https:\/\/culture-placement.fr\/wp-content\/uploads\/2021\/09\/1470399614_Social_Media-300x300.png 300w, https:\/\/culture-placement.fr\/wp-content\/uploads\/2021\/09\/1470399614_Social_Media-150x150.png 150w\" sizes=\"(max-width: 512px) 100vw, 512px\" style=\"width:100%;height:100%;max-width:512px\" \/>\t\t\t\t\t\t\t\t\t\t\t\t\t\t\t<\/div>\n\t\t\t\t<\/div>\n\t\t\t\t\t<\/div>\n\t\t<\/div>\n\t\t\t\t<div class=\"elementor-column elementor-col-50 elementor-top-column elementor-element elementor-element-398b186b\" data-id=\"398b186b\" data-element_type=\"column\">\n\t\t\t<div class=\"elementor-widget-wrap elementor-element-populated\">\n\t\t\t\t\t\t\t\t<div class=\"elementor-element elementor-element-1fc8ef44 elementor-widget-divider--view-line elementor-widget elementor-widget-divider\" data-id=\"1fc8ef44\" data-element_type=\"widget\" data-widget_type=\"divider.default\">\n\t\t\t\t<div class=\"elementor-widget-container\">\n\t\t\t\t\t<div class=\"elementor-divider\">\n\t\t\t<span class=\"elementor-divider-separator\">\n\t\t\t\t\t\t<\/span>\n\t\t<\/div>\n\t\t\t\t<\/div>\n\t\t\t\t<\/div>\n\t\t\t\t<div class=\"elementor-element elementor-element-8f9cc4e elementor-widget elementor-widget-heading\" data-id=\"8f9cc4e\" data-element_type=\"widget\" data-widget_type=\"heading.default\">\n\t\t\t\t<div class=\"elementor-widget-container\">\n\t\t\t<h3 class=\"elementor-heading-title elementor-size-large\">Assurer vos proches<\/h3>\t\t<\/div>\n\t\t\t\t<\/div>\n\t\t\t\t<div class=\"elementor-element elementor-element-11a8e622 elementor-widget elementor-widget-text-editor\" data-id=\"11a8e622\" data-element_type=\"widget\" data-widget_type=\"text-editor.default\">\n\t\t\t\t<div class=\"elementor-widget-container\">\n\t\t\t\t\t\t\t<p>Assurer vos proches tout en constituant un capital pour la retraire en souscrivant un 3<sup>e<\/sup> pilier assurance vie. Faites le pas pour prot\u00e9ger votre famille des soucis financiers en cas de d\u00e9c\u00e8s ou d\u2019invalidit\u00e9 et assurer vous une rente en cas d\u2019incapacit\u00e9 de gain. Puis, en parall\u00e8le g\u00e9n\u00e9rer des revenus additionnels \u00e0 la retraite et combler la lacune de pr\u00e9voyance.<\/p>\t\t\t\t\t\t<\/div>\n\t\t\t\t<\/div>\n\t\t\t\t\t<\/div>\n\t\t<\/div>\n\t\t\t\t\t\t\t<\/div>\n\t\t<\/section>\n\t\t\t\t<section class=\"elementor-section elementor-top-section elementor-element elementor-element-450d5b69 elementor-section-height-min-height elementor-section-content-middle elementor-section-boxed elementor-section-height-default elementor-section-items-middle\" data-id=\"450d5b69\" data-element_type=\"section\" data-settings=\"{&quot;background_background&quot;:&quot;classic&quot;}\">\n\t\t\t\t\t\t<div class=\"elementor-container elementor-column-gap-default\">\n\t\t\t\t\t<div class=\"elementor-column elementor-col-50 elementor-top-column elementor-element elementor-element-6cb321c8\" data-id=\"6cb321c8\" data-element_type=\"column\">\n\t\t\t<div class=\"elementor-widget-wrap elementor-element-populated\">\n\t\t\t\t\t\t\t\t<div class=\"elementor-element elementor-element-614767a8 elementor-widget-divider--view-line elementor-widget elementor-widget-divider\" data-id=\"614767a8\" data-element_type=\"widget\" data-widget_type=\"divider.default\">\n\t\t\t\t<div class=\"elementor-widget-container\">\n\t\t\t\t\t<div class=\"elementor-divider\">\n\t\t\t<span class=\"elementor-divider-separator\">\n\t\t\t\t\t\t<\/span>\n\t\t<\/div>\n\t\t\t\t<\/div>\n\t\t\t\t<\/div>\n\t\t\t\t<div class=\"elementor-element elementor-element-7811ce33 elementor-widget elementor-widget-heading\" data-id=\"7811ce33\" data-element_type=\"widget\" data-widget_type=\"heading.default\">\n\t\t\t\t<div class=\"elementor-widget-container\">\n\t\t\t<h3 class=\"elementor-heading-title elementor-size-large\">Profiter d\u2019avantages fiscaux<\/h3>\t\t<\/div>\n\t\t\t\t<\/div>\n\t\t\t\t<div class=\"elementor-element elementor-element-11607704 elementor-widget elementor-widget-text-editor\" data-id=\"11607704\" data-element_type=\"widget\" data-widget_type=\"text-editor.default\">\n\t\t\t\t<div class=\"elementor-widget-container\">\n\t\t\t\t\t\t\t<p>Profiter d\u2019avantages fiscaux d\u00e8s la premi\u00e8re cotisation, pendant toute la p\u00e9riode de cotisation et \u00e9galement lors des retraits des avoirs. Les cotisations sont d\u00e9ductible du revenu imposable, le capital et les int\u00e9r\u00eats sont exon\u00e9r\u00e9s de l\u2019imp\u00f4t anticip\u00e9, \u00e0 l\u2019\u00e9ch\u00e9ance ou lors d\u2019un retrait anticip\u00e9 l\u2019imp\u00f4t pr\u00e9lev\u00e9 est \u00e0 un taux r\u00e9duit.https:\/\/2eme-pilier.ch<\/p>\t\t\t\t\t\t<\/div>\n\t\t\t\t<\/div>\n\t\t\t\t\t<\/div>\n\t\t<\/div>\n\t\t\t\t<div class=\"elementor-column elementor-col-50 elementor-top-column elementor-element elementor-element-619bc3f5\" data-id=\"619bc3f5\" data-element_type=\"column\">\n\t\t\t<div class=\"elementor-widget-wrap elementor-element-populated\">\n\t\t\t\t\t\t\t\t<div class=\"elementor-element elementor-element-3a1fba23 elementor-widget elementor-widget-image\" data-id=\"3a1fba23\" data-element_type=\"widget\" data-widget_type=\"image.default\">\n\t\t\t\t<div class=\"elementor-widget-container\">\n\t\t\t\t\t\t\t\t\t\t\t\t\t\t\t<img loading=\"lazy\" decoding=\"async\" width=\"512\" height=\"512\" src=\"https:\/\/culture-placement.fr\/wp-content\/uploads\/2021\/09\/1470399594_Web_Design.png\" class=\"attachment-full size-full\" alt=\"\" srcset=\"https:\/\/culture-placement.fr\/wp-content\/uploads\/2021\/09\/1470399594_Web_Design.png 512w, https:\/\/culture-placement.fr\/wp-content\/uploads\/2021\/09\/1470399594_Web_Design-300x300.png 300w, https:\/\/culture-placement.fr\/wp-content\/uploads\/2021\/09\/1470399594_Web_Design-150x150.png 150w\" sizes=\"(max-width: 512px) 100vw, 512px\" style=\"width:100%;height:100%;max-width:512px\" \/>\t\t\t\t\t\t\t\t\t\t\t\t\t\t\t<\/div>\n\t\t\t\t<\/div>\n\t\t\t\t\t<\/div>\n\t\t<\/div>\n\t\t\t\t\t\t\t<\/div>\n\t\t<\/section>\n\t\t\t\t<section class=\"elementor-section elementor-top-section elementor-element elementor-element-6799dcfb elementor-section-boxed elementor-section-height-default elementor-section-height-default\" data-id=\"6799dcfb\" data-element_type=\"section\">\n\t\t\t\t\t\t<div class=\"elementor-container elementor-column-gap-default\">\n\t\t\t\t\t<div class=\"elementor-column elementor-col-100 elementor-top-column elementor-element elementor-element-2dccbd89\" data-id=\"2dccbd89\" data-element_type=\"column\">\n\t\t\t<div class=\"elementor-widget-wrap elementor-element-populated\">\n\t\t\t\t\t\t\t\t<div class=\"elementor-element elementor-element-382ca4be elementor-widget elementor-widget-heading\" data-id=\"382ca4be\" data-element_type=\"widget\" data-widget_type=\"heading.default\">\n\t\t\t\t<div class=\"elementor-widget-container\">\n\t\t\t<h3 class=\"elementor-heading-title elementor-size-large\">F.A.Q\n<\/h3>\t\t<\/div>\n\t\t\t\t<\/div>\n\t\t\t\t<div class=\"elementor-element elementor-element-25eaaae9 elementor-widget-divider--view-line elementor-widget elementor-widget-divider\" data-id=\"25eaaae9\" data-element_type=\"widget\" data-widget_type=\"divider.default\">\n\t\t\t\t<div class=\"elementor-widget-container\">\n\t\t\t\t\t<div class=\"elementor-divider\">\n\t\t\t<span class=\"elementor-divider-separator\">\n\t\t\t\t\t\t<\/span>\n\t\t<\/div>\n\t\t\t\t<\/div>\n\t\t\t\t<\/div>\n\t\t\t\t<section class=\"elementor-section elementor-inner-section elementor-element elementor-element-4a4660db elementor-section-boxed elementor-section-height-default elementor-section-height-default\" data-id=\"4a4660db\" data-element_type=\"section\">\n\t\t\t\t\t\t<div class=\"elementor-container elementor-column-gap-wider\">\n\t\t\t\t\t<div class=\"elementor-column elementor-col-50 elementor-inner-column elementor-element elementor-element-23dbe150\" data-id=\"23dbe150\" data-element_type=\"column\">\n\t\t\t<div class=\"elementor-widget-wrap elementor-element-populated\">\n\t\t\t\t\t\t\t\t<div class=\"elementor-element elementor-element-5f01626d elementor-position-left elementor-vertical-align-middle elementor-widget elementor-widget-image-box\" data-id=\"5f01626d\" data-element_type=\"widget\" data-widget_type=\"image-box.default\">\n\t\t\t\t<div class=\"elementor-widget-container\">\n\t\t\t<div class=\"elementor-image-box-wrapper\"><figure class=\"elementor-image-box-img\"><img loading=\"lazy\" decoding=\"async\" width=\"128\" height=\"128\" src=\"https:\/\/culture-placement.fr\/wp-content\/uploads\/2021\/09\/1470399662_Marketing.png\" class=\"attachment-full size-full\" alt=\"\" style=\"width:100%;height:100%;max-width:128px\" \/><\/figure><div class=\"elementor-image-box-content\"><h3 class=\"elementor-image-box-title\">Comment fonctionne le 2\u00e8me pilier?<\/h3><p class=\"elementor-image-box-description\"><span style=\"white-space: normal; caret-color: rgb(0, 0, 0); color: rgb(0, 0, 0); font-size: medium;\">Le&nbsp;<\/span><strong style=\"white-space: normal; caret-color: rgb(0, 0, 0); color: rgb(0, 0, 0);\">2e pilier<\/strong><span style=\"white-space: normal; caret-color: rgb(0, 0, 0); color: rgb(0, 0, 0); font-size: medium;\">&nbsp;est une cotisation pour la retraite et couvre vous et votre famille en cas de d\u00e9c\u00e8s\/invalidit\u00e9.<\/span><br><\/p><\/div><\/div>\t\t<\/div>\n\t\t\t\t<\/div>\n\t\t\t\t<div class=\"elementor-element elementor-element-6630a891 elementor-position-left elementor-vertical-align-middle elementor-widget elementor-widget-image-box\" data-id=\"6630a891\" data-element_type=\"widget\" data-widget_type=\"image-box.default\">\n\t\t\t\t<div class=\"elementor-widget-container\">\n\t\t\t<div class=\"elementor-image-box-wrapper\"><figure class=\"elementor-image-box-img\"><img loading=\"lazy\" decoding=\"async\" width=\"128\" height=\"128\" src=\"https:\/\/culture-placement.fr\/wp-content\/uploads\/2021\/09\/1470399671_SEO.png\" class=\"attachment-full size-full\" alt=\"\" style=\"width:100%;height:100%;max-width:128px\" \/><\/figure><div class=\"elementor-image-box-content\"><h3 class=\"elementor-image-box-title\">Comment obtenir son 2\u00e8me pilier en partant de la suisse ?<\/h3><p class=\"elementor-image-box-description\">Plusieurs solutions sont possibles, retraite, immobilier, r\u00e9novation ... https:\/\/2eme-pilier.ch<\/p><\/div><\/div>\t\t<\/div>\n\t\t\t\t<\/div>\n\t\t\t\t<div class=\"elementor-element elementor-element-225a436b elementor-position-left elementor-vertical-align-middle elementor-widget elementor-widget-image-box\" data-id=\"225a436b\" data-element_type=\"widget\" data-widget_type=\"image-box.default\">\n\t\t\t\t<div class=\"elementor-widget-container\">\n\t\t\t<div class=\"elementor-image-box-wrapper\"><figure class=\"elementor-image-box-img\"><img loading=\"lazy\" decoding=\"async\" width=\"128\" height=\"128\" src=\"https:\/\/culture-placement.fr\/wp-content\/uploads\/2021\/09\/1470399715_E-Commerce.png\" class=\"attachment-full size-full\" alt=\"\" style=\"width:100%;height:100%;max-width:128px\" \/><\/figure><div class=\"elementor-image-box-content\"><h3 class=\"elementor-image-box-title\">Comment fonctionne les 3 piliers?<\/h3><p class=\"elementor-image-box-description\">Le 2e pilier vient en compl\u00e9ment du 1er pilier et le 3e en compl\u00e9ment du 2e. Le 3e pilier n'est pas obligatoire mais fortement conseill\u00e9.<\/p><\/div><\/div>\t\t<\/div>\n\t\t\t\t<\/div>\n\t\t\t\t\t<\/div>\n\t\t<\/div>\n\t\t\t\t<div class=\"elementor-column elementor-col-50 elementor-inner-column elementor-element elementor-element-738f01a7\" data-id=\"738f01a7\" data-element_type=\"column\">\n\t\t\t<div class=\"elementor-widget-wrap elementor-element-populated\">\n\t\t\t\t\t\t\t\t<div class=\"elementor-element elementor-element-65570e89 elementor-position-left elementor-vertical-align-middle elementor-widget elementor-widget-image-box\" data-id=\"65570e89\" data-element_type=\"widget\" data-widget_type=\"image-box.default\">\n\t\t\t\t<div class=\"elementor-widget-container\">\n\t\t\t<div class=\"elementor-image-box-wrapper\"><figure class=\"elementor-image-box-img\"><img loading=\"lazy\" decoding=\"async\" width=\"128\" height=\"128\" src=\"https:\/\/culture-placement.fr\/wp-content\/uploads\/2021\/09\/1470399674_App_Development.png\" class=\"attachment-full size-full\" alt=\"\" style=\"width:100%;height:100%;max-width:128px\" \/><\/figure><div class=\"elementor-image-box-content\"><h3 class=\"elementor-image-box-title\">Comment d\u00e9bloquer son 2\u00e8me pilier?<\/h3><p class=\"elementor-image-box-description\">Le 2e pilier se d\u00e9bloque quand nous arrivons \u00e0 la retraite ou pr\u00e9matur\u00e9ment avec certaines conditions.<\/p><\/div><\/div>\t\t<\/div>\n\t\t\t\t<\/div>\n\t\t\t\t<div class=\"elementor-element elementor-element-6f95071f elementor-position-left elementor-vertical-align-middle elementor-widget elementor-widget-image-box\" data-id=\"6f95071f\" data-element_type=\"widget\" data-widget_type=\"image-box.default\">\n\t\t\t\t<div class=\"elementor-widget-container\">\n\t\t\t<div class=\"elementor-image-box-wrapper\"><figure class=\"elementor-image-box-img\"><img loading=\"lazy\" decoding=\"async\" width=\"128\" height=\"128\" src=\"https:\/\/culture-placement.fr\/wp-content\/uploads\/2021\/09\/1470399667_Newsletter.png\" class=\"attachment-full size-full\" alt=\"\" style=\"width:100%;height:100%;max-width:128px\" \/><\/figure><div class=\"elementor-image-box-content\"><h3 class=\"elementor-image-box-title\">La couverture du 2\u00e8me pilier<\/h3><p class=\"elementor-image-box-description\">Le 2e pilier couvre \u00a0votre rente de vieillesse, ainsi que des rentes pour vous et votre famille en cas de d\u00e9c\u00e8s ou d'invalidit\u00e9.<\/p><\/div><\/div>\t\t<\/div>\n\t\t\t\t<\/div>\n\t\t\t\t<div class=\"elementor-element elementor-element-21176f91 elementor-position-left elementor-vertical-align-middle elementor-widget elementor-widget-image-box\" data-id=\"21176f91\" data-element_type=\"widget\" data-widget_type=\"image-box.default\">\n\t\t\t\t<div class=\"elementor-widget-container\">\n\t\t\t<div class=\"elementor-image-box-wrapper\"><figure class=\"elementor-image-box-img\"><img loading=\"lazy\" decoding=\"async\" width=\"128\" height=\"128\" src=\"https:\/\/culture-placement.fr\/wp-content\/uploads\/2021\/09\/1470399656_Branding.png\" class=\"attachment-full size-full\" alt=\"\" style=\"width:100%;height:100%;max-width:128px\" \/><\/figure><div class=\"elementor-image-box-content\"><h3 class=\"elementor-image-box-title\">Comment calculer son 2\u00e8me pilier?<\/h3><p class=\"elementor-image-box-description\">Votre cotisation d\u00e9pend du nombre d'ann\u00e9es de votre carri\u00e8re suisse et de votre \u00e2ge. https:\/\/2eme-pilier.ch<\/p><\/div><\/div>\t\t<\/div>\n\t\t\t\t<\/div>\n\t\t\t\t\t<\/div>\n\t\t<\/div>\n\t\t\t\t\t\t\t<\/div>\n\t\t<\/section>\n\t\t\t\t\t<\/div>\n\t\t<\/div>\n\t\t\t\t\t\t\t<\/div>\n\t\t<\/section>\n\t\t\t\t<section class=\"elementor-section elementor-top-section elementor-element elementor-element-edfe941 elementor-section-boxed elementor-section-height-default elementor-section-height-default\" data-id=\"edfe941\" data-element_type=\"section\">\n\t\t\t\t\t\t<div class=\"elementor-container elementor-column-gap-default\">\n\t\t\t\t\t<div class=\"elementor-column elementor-col-100 elementor-top-column elementor-element elementor-element-caf37c1\" data-id=\"caf37c1\" data-element_type=\"column\">\n\t\t\t<div class=\"elementor-widget-wrap\">\n\t\t\t\t\t\t\t\t\t<\/div>\n\t\t<\/div>\n\t\t\t\t\t\t\t<\/div>\n\t\t<\/section>\n\t\t\t\t\t\t<\/div>\n\t\t\t\t\t<\/div>\n\t\t","protected":false},"excerpt":{"rendered":"<p>Les 3 piliers suisse Le syst\u00e8me des 3 piliers suisse Constituer un capital Constituer un capital pour vos projets, comme l\u2019achat de votre r\u00e9sidence principale ou pour lancer votre propre affaire et devenir ind\u00e9pendant, voire amortir votre pr\u00eat hypoth\u00e9caire ou financer les travaux de votre r\u00e9sidence principale, voire m\u00eame prendre votre retraite anticip\u00e9e.\u00a0https:\/\/2eme-pilier.ch Assurer vos&hellip; <a class=\"more-link\" href=\"https:\/\/culture-placement.fr\/\">Continue reading <span class=\"screen-reader-text\">Les 3 piliers suisse<\/span><\/a><\/p>\n","protected":false},"author":1,"featured_media":0,"parent":0,"menu_order":0,"comment_status":"open","ping_status":"closed","template":"elementor_header_footer","meta":{"om_disable_all_campaigns":false,"_monsterinsights_skip_tracking":false,"_monsterinsights_sitenote_active":false,"_monsterinsights_sitenote_note":"","_monsterinsights_sitenote_category":0,"footnotes":""},"_links":{"self":[{"href":"https:\/\/culture-placement.fr\/index.php\/wp-json\/wp\/v2\/pages\/4"}],"collection":[{"href":"https:\/\/culture-placement.fr\/index.php\/wp-json\/wp\/v2\/pages"}],"about":[{"href":"https:\/\/culture-placement.fr\/index.php\/wp-json\/wp\/v2\/types\/page"}],"author":[{"embeddable":true,"href":"https:\/\/culture-placement.fr\/index.php\/wp-json\/wp\/v2\/users\/1"}],"replies":[{"embeddable":true,"href":"https:\/\/culture-placement.fr\/index.php\/wp-json\/wp\/v2\/comments?post=4"}],"version-history":[{"count":17,"href":"https:\/\/culture-placement.fr\/index.php\/wp-json\/wp\/v2\/pages\/4\/revisions"}],"predecessor-version":[{"id":66,"href":"https:\/\/culture-placement.fr\/index.php\/wp-json\/wp\/v2\/pages\/4\/revisions\/66"}],"wp:attachment":[{"href":"https:\/\/culture-placement.fr\/index.php\/wp-json\/wp\/v2\/media?parent=4"}],"curies":[{"name":"wp","href":"https:\/\/api.w.org\/{rel}","templated":true}]}}